{"id":505,"date":"2020-10-27T08:21:36","date_gmt":"2020-10-27T08:21:36","guid":{"rendered":"https:\/\/cocenting.lu\/?page_id=505"},"modified":"2020-10-27T08:27:38","modified_gmt":"2020-10-27T08:27:38","slug":"protections-des-donees","status":"publish","type":"page","link":"https:\/\/cocenting.lu\/?page_id=505&lang=fr","title":{"rendered":"Protections des don\u00e9es"},"content":{"rendered":"<p>CoCenTing est respectueuse de la vie priv\u00e9e de ses parties prenantes et se conforme strictement aux lois en vigueur sur la protection de la vie priv\u00e9e et des libert\u00e9s individuelles.<br \/>\nNotre politique de protection de donn\u00e9es personnelles a pour objet d\u2019informer le visiteur du site www.cocenting.lu comment les donn\u00e9es \u00e0 caract\u00e8re personnel sont trait\u00e9es lors de sa navigation sur notre site Internet.<\/p>\n<p>\u00ab Donn\u00e9es \u00e0 caract\u00e8re personnel \u00bb veut dire, toute information concernant une personne physique identifi\u00e9e ou identifiable, directement ou indirectement, notamment par r\u00e9f\u00e9rence \u00e0 un num\u00e9ro d\u2019identification ou \u00e0 un ou plusieurs \u00e9l\u00e9ments sp\u00e9cifiques, propres \u00e0 son identit\u00e9.<\/p>\n<p>CoCenTing S\u00e0rl-S, 3, rue des H\u00eatres L-8137 Bridel<\/p>\n","protected":false},"excerpt":{"rendered":"<p>CoCenTing est respectueuse de la vie priv\u00e9e de ses parties [&hellip;]<\/p>\n","protected":false},"author":2,"featured_media":0,"parent":196,"menu_order":0,"comment_status":"closed","ping_status":"closed","template":"","meta":{"footnotes":""},"yoast_head":"<!-- This site is optimized with the Yoast SEO plugin v24.5 - https:\/\/yoast.com\/wordpress\/plugins\/seo\/ -->\n<title>Protections des don\u00e9es - CoCenTing<\/title>\n<meta name=\"robots\" content=\"index, follow, max-snippet:-1, max-image-preview:large, max-video-preview:-1\" \/>\n<link rel=\"canonical\" href=\"https:\/\/cocenting.lu\/?page_id=505&lang=fr\" \/>\n<meta property=\"og:locale\" content=\"en_US\" \/>\n<meta property=\"og:type\" content=\"article\" \/>\n<meta property=\"og:title\" content=\"Protections des don\u00e9es - CoCenTing\" \/>\n<meta property=\"og:description\" content=\"CoCenTing est respectueuse de la vie priv\u00e9e de ses parties [&hellip;]\" \/>\n<meta property=\"og:url\" content=\"https:\/\/cocenting.lu\/?page_id=505&amp;lang=fr\" \/>\n<meta property=\"og:site_name\" content=\"CoCenTing\" \/>\n<meta property=\"article:modified_time\" content=\"2020-10-27T08:27:38+00:00\" \/>\n<meta name=\"twitter:card\" content=\"summary_large_image\" \/>\n<meta name=\"twitter:label1\" content=\"Est. reading time\" \/>\n\t<meta name=\"twitter:data1\" content=\"1 minute\" \/>\n<script type=\"application\/ld+json\" class=\"yoast-schema-graph\">{\"@context\":\"https:\/\/schema.org\",\"@graph\":[{\"@type\":\"WebPage\",\"@id\":\"https:\/\/cocenting.lu\/?page_id=505&lang=fr\",\"url\":\"https:\/\/cocenting.lu\/?page_id=505&lang=fr\",\"name\":\"Protections des don\u00e9es - CoCenTing\",\"isPartOf\":{\"@id\":\"https:\/\/cocenting.lu\/#website\"},\"datePublished\":\"2020-10-27T08:21:36+00:00\",\"dateModified\":\"2020-10-27T08:27:38+00:00\",\"breadcrumb\":{\"@id\":\"https:\/\/cocenting.lu\/?page_id=505&lang=fr#breadcrumb\"},\"inLanguage\":\"en-US\",\"potentialAction\":[{\"@type\":\"ReadAction\",\"target\":[\"https:\/\/cocenting.lu\/?page_id=505&lang=fr\"]}]},{\"@type\":\"BreadcrumbList\",\"@id\":\"https:\/\/cocenting.lu\/?page_id=505&lang=fr#breadcrumb\",\"itemListElement\":[{\"@type\":\"ListItem\",\"position\":1,\"name\":\"Home\",\"item\":\"https:\/\/cocenting.lu\/?lang=en\"},{\"@type\":\"ListItem\",\"position\":2,\"name\":\"CoCenTing.lu Francais\",\"item\":\"https:\/\/cocenting.lu\/?lang=fr\"},{\"@type\":\"ListItem\",\"position\":3,\"name\":\"Protections des don\u00e9es\"}]},{\"@type\":\"WebSite\",\"@id\":\"https:\/\/cocenting.lu\/#website\",\"url\":\"https:\/\/cocenting.lu\/\",\"name\":\"CoCenTing\",\"description\":\"consumer centric thinking\",\"potentialAction\":[{\"@type\":\"SearchAction\",\"target\":{\"@type\":\"EntryPoint\",\"urlTemplate\":\"https:\/\/cocenting.lu\/?s={search_term_string}\"},\"query-input\":{\"@type\":\"PropertyValueSpecification\",\"valueRequired\":true,\"valueName\":\"search_term_string\"}}],\"inLanguage\":\"en-US\"}]}<\/script>\n<!-- \/ Yoast SEO plugin. -->","yoast_head_json":{"title":"Protections des don\u00e9es - CoCenTing","robots":{"index":"index","follow":"follow","max-snippet":"max-snippet:-1","max-image-preview":"max-image-preview:large","max-video-preview":"max-video-preview:-1"},"canonical":"https:\/\/cocenting.lu\/?page_id=505&lang=fr","og_locale":"en_US","og_type":"article","og_title":"Protections des don\u00e9es - CoCenTing","og_description":"CoCenTing est respectueuse de la vie priv\u00e9e de ses parties [&hellip;]","og_url":"https:\/\/cocenting.lu\/?page_id=505&lang=fr","og_site_name":"CoCenTing","article_modified_time":"2020-10-27T08:27:38+00:00","twitter_card":"summary_large_image","twitter_misc":{"Est. reading time":"1 minute"},"schema":{"@context":"https:\/\/schema.org","@graph":[{"@type":"WebPage","@id":"https:\/\/cocenting.lu\/?page_id=505&lang=fr","url":"https:\/\/cocenting.lu\/?page_id=505&lang=fr","name":"Protections des don\u00e9es - CoCenTing","isPartOf":{"@id":"https:\/\/cocenting.lu\/#website"},"datePublished":"2020-10-27T08:21:36+00:00","dateModified":"2020-10-27T08:27:38+00:00","breadcrumb":{"@id":"https:\/\/cocenting.lu\/?page_id=505&lang=fr#breadcrumb"},"inLanguage":"en-US","potentialAction":[{"@type":"ReadAction","target":["https:\/\/cocenting.lu\/?page_id=505&lang=fr"]}]},{"@type":"BreadcrumbList","@id":"https:\/\/cocenting.lu\/?page_id=505&lang=fr#breadcrumb","itemListElement":[{"@type":"ListItem","position":1,"name":"Home","item":"https:\/\/cocenting.lu\/?lang=en"},{"@type":"ListItem","position":2,"name":"CoCenTing.lu Francais","item":"https:\/\/cocenting.lu\/?lang=fr"},{"@type":"ListItem","position":3,"name":"Protections des don\u00e9es"}]},{"@type":"WebSite","@id":"https:\/\/cocenting.lu\/#website","url":"https:\/\/cocenting.lu\/","name":"CoCenTing","description":"consumer centric thinking","potentialAction":[{"@type":"SearchAction","target":{"@type":"EntryPoint","urlTemplate":"https:\/\/cocenting.lu\/?s={search_term_string}"},"query-input":{"@type":"PropertyValueSpecification","valueRequired":true,"valueName":"search_term_string"}}],"inLanguage":"en-US"}]}},"_links":{"self":[{"href":"https:\/\/cocenting.lu\/index.php?rest_route=\/wp\/v2\/pages\/505"}],"collection":[{"href":"https:\/\/cocenting.lu\/index.php?rest_route=\/wp\/v2\/pages"}],"about":[{"href":"https:\/\/cocenting.lu\/index.php?rest_route=\/wp\/v2\/types\/page"}],"author":[{"embeddable":true,"href":"https:\/\/cocenting.lu\/index.php?rest_route=\/wp\/v2\/users\/2"}],"replies":[{"embeddable":true,"href":"https:\/\/cocenting.lu\/index.php?rest_route=%2Fwp%2Fv2%2Fcomments&post=505"}],"version-history":[{"count":1,"href":"https:\/\/cocenting.lu\/index.php?rest_route=\/wp\/v2\/pages\/505\/revisions"}],"predecessor-version":[{"id":506,"href":"https:\/\/cocenting.lu\/index.php?rest_route=\/wp\/v2\/pages\/505\/revisions\/506"}],"up":[{"embeddable":true,"href":"https:\/\/cocenting.lu\/index.php?rest_route=\/wp\/v2\/pages\/196"}],"wp:attachment":[{"href":"https:\/\/cocenting.lu\/index.php?rest_route=%2Fwp%2Fv2%2Fmedia&parent=505"}],"curies":[{"name":"wp","href":"https:\/\/api.w.org\/{rel}","templated":true}]}}