{"id":297,"date":"2020-09-24T09:15:04","date_gmt":"2020-09-24T09:15:04","guid":{"rendered":"https:\/\/cocenting.lu\/?page_id=297"},"modified":"2020-10-05T07:47:05","modified_gmt":"2020-10-05T07:47:05","slug":"legal","status":"publish","type":"page","link":"https:\/\/cocenting.lu\/?page_id=297&lang=fr","title":{"rendered":"Legal"},"content":{"rendered":"<h2>Mentions l\u00e9gales<\/h2>\n<p>Le site Internet <a href=\"http:\/\/www.cocenting.lu\">www.cocenting.lu<\/a> ainsi que son contenu sont la propri\u00e9t\u00e9 de CoCenTing.<\/p>\n<p>Le si\u00e8ge social se situe \u00e0 3, rue des H\u00eatres L-8137 Bridel.<\/p>\n<p>CoCenTing S\u00e0rl-S est immatricul\u00e9e au Registre du Commerce et des Soci\u00e9t\u00e9s sous le num\u00e9ro B243945, Autorisation d\u2019\u00c9tablissement 11014745\/0.<\/p>\n<p>La direction du site Internet est assur\u00e9e par le g\u00e9rant de CoCenTing, M. Claude Nesser.<\/p>\n<p>Le site Internet a \u00e9t\u00e9 con\u00e7u par CoCenTing et cr\u00e9\u00e9 par l\u2019agence markenmut AG,<\/p>\n<p>14, Herzogenbuscher Stra\u00dfe D-54292 Trier.<\/p>\n<p>Si vous constatez une anomalie sur ce site, veuillez en informer CoCenTing\u00a0: <a href=\"mailto:co*****@co*******.lu\" data-original-string=\"kabCsCMLi9i6Cz+w\/5+Lgg==f2at99vK8jVGvI2P+7Q\/3uFRYgJ1KNaX1CZHqlX3lEsXf4=\" title=\"This contact has been encoded by Anti-Spam by CleanTalk. Click to decode. To finish the decoding make sure that JavaScript is enabled in your browser.\"><span \n                data-original-string=\"yJBuhFSjNI1Zd6yhU9wdlw==f2a7V3+boBynUsNDLWGLBCvbe\/OeAnfNB9CqEMvedU8LFQ=\"\n                class=\"apbct-email-encoder\"\n                title=\"This contact has been encoded by Anti-Spam by CleanTalk. Click to decode. To finish the decoding make sure that JavaScript is enabled in your browser.\">co<span class=\"apbct-blur\">*****@co*******.<\/span>lu<\/span><\/a><\/p>\n<p>L\u2019utilisateur qui poursuit la consultation du site, accepte sans r\u00e9serve les conditions l\u00e9gales.<\/p>\n<p>CoCenTing se r\u00e9serve le droit de modifier les conditions d\u2019utilisation du site \u00e0 tout moment.<\/p>\n<p>Pour toute r\u00e9clamation, veullez contacter CoCenTing \u00e0 : <a href=\"mailto:co*****@co*******.lu\" data-original-string=\"21liGojJ+g2sh6r\/1Ch5PQ==f2a+g9WR8Pycfrmxvc8UM6TEtG5Bcs5mlOAXD46p\/y3WHI=\" title=\"This contact has been encoded by Anti-Spam by CleanTalk. Click to decode. To finish the decoding make sure that JavaScript is enabled in your browser.\"><span \n                data-original-string=\"Hrq8RzooL1QZIGetAbH8tQ==f2alUOKhCmhScVXwUcYf14YdkIrdTgLDnhzavs1cA4FMeI=\"\n                class=\"apbct-email-encoder\"\n                title=\"This contact has been encoded by Anti-Spam by CleanTalk. Click to decode. To finish the decoding make sure that JavaScript is enabled in your browser.\">co<span class=\"apbct-blur\">*****@co*******.<\/span>lu<\/span><\/a><\/p>\n<h3>Utilisation du Site Internet<\/h3>\n<p>L\u2019utilisateur s\u2019engage \u00e0 utiliser le site Internet en bon p\u00e8re de famille, \u00e0 ne pas porter atteinte aux droits de CoCenTing, ou de ses clients et \u00e0 ne pas leur porter pr\u00e9judice.<\/p>\n<p>L\u2019utilisateur s\u2019engage notamment \u00e0 ne pas nuire \u00e0 la r\u00e9putation, diffamer, ou menacer CoCenTing, un client de celle-ci ou un tiers et \u00e0 ne pas utiliser un dispositif qui pourrait porter atteinte au bon fonctionnement du site Internet.<\/p>\n<p>La soci\u00e9t\u00e9 CoCenTing est titulaire des droits de propri\u00e9t\u00e9 intellectuelle permettant sa reproduction ou repr\u00e9sentation. Toute reproduction ou repr\u00e9sentation est formellement interdite sauf autorisation \u00e9crite au pr\u00e9alable.<\/p>\n<p><strong><u>Contact\u00a0:<\/u><\/strong><\/p>\n<p>Vous pouvez nous contacter \u00e0 l\u2019adresse suivante : <a href=\"mailto:co*****@co*******.lu\" data-original-string=\"poYpfvM+NDGABsyz\/Q\/1Og==f2akEo9Uwf3TpZPYNYB5iOakzmqnDeheMQXD1ucKj\/xlpo=\" title=\"This contact has been encoded by Anti-Spam by CleanTalk. Click to decode. To finish the decoding make sure that JavaScript is enabled in your browser.\"><span \n                data-original-string=\"bp9VcpKQ7Xm5nVrWD8Ay8A==f2auSpWVMa+NABlzX4SwDOuA6zuWXHFE3gv17SdmM2yiNg=\"\n                class=\"apbct-email-encoder\"\n                title=\"This contact has been encoded by Anti-Spam by CleanTalk. Click to decode. To finish the decoding make sure that JavaScript is enabled in your browser.\">co<span class=\"apbct-blur\">*****@co*******.<\/span>lu<\/span><\/a><\/p>\n<p><strong><u>Loi applicable\u00a0:<\/u><\/strong><\/p>\n<p>Tout litige relatif au site Internet, sa consultation ou son utilisation sera soumis \u00e0 la loi luxembourgeoise et rel\u00e8vera de la comp\u00e9tence des tribunaux luxembourgeois.<\/p>\n<p>Copyright\u00a0: CoCenTing \u2013 Tous droits r\u00e9serv\u00e9s I Mentions l\u00e9gales I Politique de cookies<\/p>\n","protected":false},"excerpt":{"rendered":"<p>Mentions l\u00e9gales Le site Internet www.cocenting.lu ainsi que son contenu [&hellip;]<\/p>\n","protected":false},"author":2,"featured_media":0,"parent":0,"menu_order":0,"comment_status":"closed","ping_status":"closed","template":"","meta":{"footnotes":""},"yoast_head":"<!-- This site is optimized with the Yoast SEO plugin v24.5 - https:\/\/yoast.com\/wordpress\/plugins\/seo\/ -->\n<title>Legal - CoCenTing<\/title>\n<meta name=\"robots\" content=\"index, follow, max-snippet:-1, max-image-preview:large, max-video-preview:-1\" \/>\n<link rel=\"canonical\" href=\"https:\/\/cocenting.lu\/?page_id=297&lang=fr\" \/>\n<meta property=\"og:locale\" content=\"en_US\" \/>\n<meta property=\"og:type\" content=\"article\" \/>\n<meta property=\"og:title\" content=\"Legal - CoCenTing\" \/>\n<meta property=\"og:description\" content=\"Mentions l\u00e9gales Le site Internet www.cocenting.lu ainsi que son contenu [&hellip;]\" \/>\n<meta property=\"og:url\" content=\"https:\/\/cocenting.lu\/?page_id=297&amp;lang=fr\" \/>\n<meta property=\"og:site_name\" content=\"CoCenTing\" \/>\n<meta property=\"article:modified_time\" content=\"2020-10-05T07:47:05+00:00\" \/>\n<meta name=\"twitter:card\" content=\"summary_large_image\" \/>\n<meta name=\"twitter:label1\" content=\"Est. reading time\" \/>\n\t<meta name=\"twitter:data1\" content=\"2 minutes\" \/>\n<script type=\"application\/ld+json\" class=\"yoast-schema-graph\">{\"@context\":\"https:\/\/schema.org\",\"@graph\":[{\"@type\":\"WebPage\",\"@id\":\"https:\/\/cocenting.lu\/?page_id=297&lang=fr\",\"url\":\"https:\/\/cocenting.lu\/?page_id=297&lang=fr\",\"name\":\"Legal - CoCenTing\",\"isPartOf\":{\"@id\":\"https:\/\/cocenting.lu\/#website\"},\"datePublished\":\"2020-09-24T09:15:04+00:00\",\"dateModified\":\"2020-10-05T07:47:05+00:00\",\"breadcrumb\":{\"@id\":\"https:\/\/cocenting.lu\/?page_id=297&lang=fr#breadcrumb\"},\"inLanguage\":\"en-US\",\"potentialAction\":[{\"@type\":\"ReadAction\",\"target\":[\"https:\/\/cocenting.lu\/?page_id=297&lang=fr\"]}]},{\"@type\":\"BreadcrumbList\",\"@id\":\"https:\/\/cocenting.lu\/?page_id=297&lang=fr#breadcrumb\",\"itemListElement\":[{\"@type\":\"ListItem\",\"position\":1,\"name\":\"Home\",\"item\":\"https:\/\/cocenting.lu\/?lang=en\"},{\"@type\":\"ListItem\",\"position\":2,\"name\":\"Legal\"}]},{\"@type\":\"WebSite\",\"@id\":\"https:\/\/cocenting.lu\/#website\",\"url\":\"https:\/\/cocenting.lu\/\",\"name\":\"CoCenTing\",\"description\":\"consumer centric thinking\",\"potentialAction\":[{\"@type\":\"SearchAction\",\"target\":{\"@type\":\"EntryPoint\",\"urlTemplate\":\"https:\/\/cocenting.lu\/?s={search_term_string}\"},\"query-input\":{\"@type\":\"PropertyValueSpecification\",\"valueRequired\":true,\"valueName\":\"search_term_string\"}}],\"inLanguage\":\"en-US\"}]}<\/script>\n<!-- \/ Yoast SEO plugin. -->","yoast_head_json":{"title":"Legal - CoCenTing","robots":{"index":"index","follow":"follow","max-snippet":"max-snippet:-1","max-image-preview":"max-image-preview:large","max-video-preview":"max-video-preview:-1"},"canonical":"https:\/\/cocenting.lu\/?page_id=297&lang=fr","og_locale":"en_US","og_type":"article","og_title":"Legal - CoCenTing","og_description":"Mentions l\u00e9gales Le site Internet www.cocenting.lu ainsi que son contenu [&hellip;]","og_url":"https:\/\/cocenting.lu\/?page_id=297&lang=fr","og_site_name":"CoCenTing","article_modified_time":"2020-10-05T07:47:05+00:00","twitter_card":"summary_large_image","twitter_misc":{"Est. reading time":"2 minutes"},"schema":{"@context":"https:\/\/schema.org","@graph":[{"@type":"WebPage","@id":"https:\/\/cocenting.lu\/?page_id=297&lang=fr","url":"https:\/\/cocenting.lu\/?page_id=297&lang=fr","name":"Legal - CoCenTing","isPartOf":{"@id":"https:\/\/cocenting.lu\/#website"},"datePublished":"2020-09-24T09:15:04+00:00","dateModified":"2020-10-05T07:47:05+00:00","breadcrumb":{"@id":"https:\/\/cocenting.lu\/?page_id=297&lang=fr#breadcrumb"},"inLanguage":"en-US","potentialAction":[{"@type":"ReadAction","target":["https:\/\/cocenting.lu\/?page_id=297&lang=fr"]}]},{"@type":"BreadcrumbList","@id":"https:\/\/cocenting.lu\/?page_id=297&lang=fr#breadcrumb","itemListElement":[{"@type":"ListItem","position":1,"name":"Home","item":"https:\/\/cocenting.lu\/?lang=en"},{"@type":"ListItem","position":2,"name":"Legal"}]},{"@type":"WebSite","@id":"https:\/\/cocenting.lu\/#website","url":"https:\/\/cocenting.lu\/","name":"CoCenTing","description":"consumer centric thinking","potentialAction":[{"@type":"SearchAction","target":{"@type":"EntryPoint","urlTemplate":"https:\/\/cocenting.lu\/?s={search_term_string}"},"query-input":{"@type":"PropertyValueSpecification","valueRequired":true,"valueName":"search_term_string"}}],"inLanguage":"en-US"}]}},"_links":{"self":[{"href":"https:\/\/cocenting.lu\/index.php?rest_route=\/wp\/v2\/pages\/297"}],"collection":[{"href":"https:\/\/cocenting.lu\/index.php?rest_route=\/wp\/v2\/pages"}],"about":[{"href":"https:\/\/cocenting.lu\/index.php?rest_route=\/wp\/v2\/types\/page"}],"author":[{"embeddable":true,"href":"https:\/\/cocenting.lu\/index.php?rest_route=\/wp\/v2\/users\/2"}],"replies":[{"embeddable":true,"href":"https:\/\/cocenting.lu\/index.php?rest_route=%2Fwp%2Fv2%2Fcomments&post=297"}],"version-history":[{"count":3,"href":"https:\/\/cocenting.lu\/index.php?rest_route=\/wp\/v2\/pages\/297\/revisions"}],"predecessor-version":[{"id":488,"href":"https:\/\/cocenting.lu\/index.php?rest_route=\/wp\/v2\/pages\/297\/revisions\/488"}],"wp:attachment":[{"href":"https:\/\/cocenting.lu\/index.php?rest_route=%2Fwp%2Fv2%2Fmedia&parent=297"}],"curies":[{"name":"wp","href":"https:\/\/api.w.org\/{rel}","templated":true}]}}